{"id":16,"date":"2024-05-17T15:51:44","date_gmt":"2024-05-17T13:51:44","guid":{"rendered":"http:\/\/34.135.7.73\/?page_id=16"},"modified":"2024-08-23T15:51:07","modified_gmt":"2024-08-23T20:51:07","slug":"organizaciones-y-convenios","status":"publish","type":"page","link":"https:\/\/portal.progressus.co\/?page_id=16","title":{"rendered":"Organizaciones y convenios"},"content":{"rendered":"\n[et_pb_section fb_built=\u00bb1&#8243; admin_label=\u00bbsection\u00bb _builder_version=\u00bb4.16&#8243; global_colors_info=\u00bb{}\u00bb theme_builder_area=\u00bbinitial_post_content\u00bb custom_padding=\u00bb0px||0px|||\u00bb da_is_popup=\u00bboff\u00bb da_exit_intent=\u00bboff\u00bb da_has_close=\u00bbon\u00bb da_alt_close=\u00bboff\u00bb da_dark_close=\u00bboff\u00bb da_not_modal=\u00bbon\u00bb da_is_singular=\u00bboff\u00bb da_with_loader=\u00bboff\u00bb da_has_shadow=\u00bbon\u00bb da_disable_devices=\u00bboff|off|off\u00bb][et_pb_row admin_label=\u00bbrow\u00bb _builder_version=\u00bb4.16&#8243; background_size=\u00bbinitial\u00bb background_position=\u00bbtop_left\u00bb background_repeat=\u00bbrepeat\u00bb global_colors_info=\u00bb{}\u00bb theme_builder_area=\u00bbinitial_post_content\u00bb][et_pb_column type=\u00bb4_4&#8243; _builder_version=\u00bb4.16&#8243; custom_padding=\u00bb|||\u00bb global_colors_info=\u00bb{}\u00bb custom_padding__hover=\u00bb|||\u00bb theme_builder_area=\u00bbinitial_post_content\u00bb][et_pb_text admin_label=\u00bbText\u00bb _builder_version=\u00bb4.23.4&#8243; background_size=\u00bbinitial\u00bb background_position=\u00bbtop_left\u00bb background_repeat=\u00bbrepeat\u00bb hover_enabled=\u00bb0&#8243; global_colors_info=\u00bb{}\u00bb theme_builder_area=\u00bbinitial_post_content\u00bb sticky_enabled=\u00bb0&#8243; custom_margin=\u00bb2px|||||\u00bb]<h1 style=\"text-align: center;\"><strong>Convenios de Progressus<\/strong><\/h1>\n<h1><\/h1>[\/et_pb_text][\/et_pb_column][\/et_pb_row][et_pb_row _builder_version=\u00bb4.23.4&#8243; _module_preset=\u00bbdefault\u00bb theme_builder_area=\u00bbinitial_post_content\u00bb custom_margin=\u00bb-30px|auto|-10px|auto||\u00bb][et_pb_column _builder_version=\u00bb4.23.4&#8243; _module_preset=\u00bbdefault\u00bb type=\u00bb4_4&#8243; theme_builder_area=\u00bbinitial_post_content\u00bb][et_pb_text _builder_version=\u00bb4.23.4&#8243; _module_preset=\u00bbdefault\u00bb theme_builder_area=\u00bbinitial_post_content\u00bb hover_enabled=\u00bb0&#8243; sticky_enabled=\u00bb0&#8243; custom_margin=\u00bb-29px|||||\u00bb]<h4 style=\"text-align: center;\">En Progressus, nos comprometemos a brindar soluciones tecnol\u00f3gicas que impulsen el\u00a0 sector agropecuario. Para lograr este objetivo, permanentemente estamos estableciendo\u00a0 convenios estrat\u00e9gicos con diversas organizaciones l\u00edderes del sector, como lo es\u00a0 Fedepapa. Estos convenios est\u00e1n dise\u00f1ados para ofrecer beneficios adicionales a nuestros usuarios y fortalecer as\u00ed la colaboraci\u00f3n entre los diferentes eslabones de la\u00a0 cadena agropecuaria<\/h4>[\/et_pb_text][\/et_pb_column][\/et_pb_row][\/et_pb_section]\n","protected":false},"excerpt":{"rendered":"<p>Convenios de Progressus En Progressus, nos comprometemos a brindar soluciones tecnol\u00f3gicas que impulsen el\u00a0 sector agropecuario. Para lograr este objetivo, permanentemente estamos estableciendo\u00a0 convenios estrat\u00e9gicos con diversas organizaciones l\u00edderes del sector, como lo es\u00a0 Fedepapa. Estos convenios est\u00e1n dise\u00f1ados para ofrecer beneficios adicionales a nuestros usuarios y fortalecer as\u00ed la colaboraci\u00f3n entre los diferentes eslabones [&hellip;]<\/p>\n","protected":false},"author":1,"featured_media":0,"parent":0,"menu_order":0,"comment_status":"closed","ping_status":"closed","template":"","meta":{"_et_pb_use_builder":"on","_et_pb_old_content":"<!-- wp:divi\/placeholder \/-->","_et_gb_content_width":"","_joinchat":[],"footnotes":""},"class_list":["post-16","page","type-page","status-publish","hentry"],"yoast_head":"<!-- This site is optimized with the Yoast SEO plugin v23.6 - https:\/\/yoast.com\/wordpress\/plugins\/seo\/ -->\n<title>Organizaciones y convenios - Progressus<\/title>\n<meta name=\"description\" content=\"Nos comprometemos a brindar soluciones tecnol\u00f3gicas que impulsen el sector agropecuario, generando convenios y beneficios al agricultor.\" \/>\n<meta name=\"robots\" content=\"index, follow, max-snippet:-1, max-image-preview:large, max-video-preview:-1\" \/>\n<link rel=\"canonical\" href=\"https:\/\/portal.progressus.co\/?page_id=16\" \/>\n<meta property=\"og:locale\" content=\"es_ES\" \/>\n<meta property=\"og:type\" content=\"article\" \/>\n<meta property=\"og:title\" content=\"Organizaciones y convenios - Progressus\" \/>\n<meta property=\"og:description\" content=\"Nos comprometemos a brindar soluciones tecnol\u00f3gicas que impulsen el sector agropecuario, generando convenios y beneficios al agricultor.\" \/>\n<meta property=\"og:url\" content=\"https:\/\/portal.progressus.co\/?page_id=16\" \/>\n<meta property=\"og:site_name\" content=\"Progressus\" \/>\n<meta property=\"article:publisher\" content=\"https:\/\/www.facebook.com\/progressusapp\" \/>\n<meta property=\"article:modified_time\" content=\"2024-08-23T20:51:07+00:00\" \/>\n<meta name=\"twitter:card\" content=\"summary_large_image\" \/>\n<meta name=\"twitter:site\" content=\"@progressus5\" \/>\n<meta name=\"twitter:label1\" content=\"Tiempo de lectura\" \/>\n\t<meta name=\"twitter:data1\" content=\"1 minuto\" \/>\n<script type=\"application\/ld+json\" class=\"yoast-schema-graph\">{\"@context\":\"https:\/\/schema.org\",\"@graph\":[{\"@type\":\"WebPage\",\"@id\":\"https:\/\/portal.progressus.co\/?page_id=16\",\"url\":\"https:\/\/portal.progressus.co\/?page_id=16\",\"name\":\"Organizaciones y convenios - Progressus\",\"isPartOf\":{\"@id\":\"https:\/\/portal.progressus.co\/#website\"},\"datePublished\":\"2024-05-17T13:51:44+00:00\",\"dateModified\":\"2024-08-23T20:51:07+00:00\",\"description\":\"Nos comprometemos a brindar soluciones tecnol\u00f3gicas que impulsen el sector agropecuario, generando convenios y beneficios al agricultor.\",\"breadcrumb\":{\"@id\":\"https:\/\/portal.progressus.co\/?page_id=16#breadcrumb\"},\"inLanguage\":\"es\",\"potentialAction\":[{\"@type\":\"ReadAction\",\"target\":[\"https:\/\/portal.progressus.co\/?page_id=16\"]}]},{\"@type\":\"BreadcrumbList\",\"@id\":\"https:\/\/portal.progressus.co\/?page_id=16#breadcrumb\",\"itemListElement\":[{\"@type\":\"ListItem\",\"position\":1,\"name\":\"Portada\",\"item\":\"https:\/\/portal.progressus.co\/\"},{\"@type\":\"ListItem\",\"position\":2,\"name\":\"Organizaciones y convenios\"}]},{\"@type\":\"WebSite\",\"@id\":\"https:\/\/portal.progressus.co\/#website\",\"url\":\"https:\/\/portal.progressus.co\/\",\"name\":\"www.progressus.co\",\"description\":\"\",\"publisher\":{\"@id\":\"https:\/\/portal.progressus.co\/#organization\"},\"potentialAction\":[{\"@type\":\"SearchAction\",\"target\":{\"@type\":\"EntryPoint\",\"urlTemplate\":\"https:\/\/portal.progressus.co\/?s={search_term_string}\"},\"query-input\":{\"@type\":\"PropertyValueSpecification\",\"valueRequired\":true,\"valueName\":\"search_term_string\"}}],\"inLanguage\":\"es\"},{\"@type\":\"Organization\",\"@id\":\"https:\/\/portal.progressus.co\/#organization\",\"name\":\"Progressus\",\"url\":\"https:\/\/portal.progressus.co\/\",\"logo\":{\"@type\":\"ImageObject\",\"inLanguage\":\"es\",\"@id\":\"https:\/\/portal.progressus.co\/#\/schema\/logo\/image\/\",\"url\":\"https:\/\/portal.progressus.co\/wp-content\/uploads\/2024\/05\/cropped-login_logo_progressus@2x.png\",\"contentUrl\":\"https:\/\/portal.progressus.co\/wp-content\/uploads\/2024\/05\/cropped-login_logo_progressus@2x.png\",\"width\":512,\"height\":512,\"caption\":\"Progressus\"},\"image\":{\"@id\":\"https:\/\/portal.progressus.co\/#\/schema\/logo\/image\/\"},\"sameAs\":[\"https:\/\/www.facebook.com\/progressusapp\",\"https:\/\/x.com\/progressus5\",\"https:\/\/www.instagram.com\/progressus_col\/\"]}]}<\/script>\n<!-- \/ Yoast SEO plugin. -->","yoast_head_json":{"title":"Organizaciones y convenios - Progressus","description":"Nos comprometemos a brindar soluciones tecnol\u00f3gicas que impulsen el sector agropecuario, generando convenios y beneficios al agricultor.","robots":{"index":"index","follow":"follow","max-snippet":"max-snippet:-1","max-image-preview":"max-image-preview:large","max-video-preview":"max-video-preview:-1"},"canonical":"https:\/\/portal.progressus.co\/?page_id=16","og_locale":"es_ES","og_type":"article","og_title":"Organizaciones y convenios - Progressus","og_description":"Nos comprometemos a brindar soluciones tecnol\u00f3gicas que impulsen el sector agropecuario, generando convenios y beneficios al agricultor.","og_url":"https:\/\/portal.progressus.co\/?page_id=16","og_site_name":"Progressus","article_publisher":"https:\/\/www.facebook.com\/progressusapp","article_modified_time":"2024-08-23T20:51:07+00:00","twitter_card":"summary_large_image","twitter_site":"@progressus5","twitter_misc":{"Tiempo de lectura":"1 minuto"},"schema":{"@context":"https:\/\/schema.org","@graph":[{"@type":"WebPage","@id":"https:\/\/portal.progressus.co\/?page_id=16","url":"https:\/\/portal.progressus.co\/?page_id=16","name":"Organizaciones y convenios - Progressus","isPartOf":{"@id":"https:\/\/portal.progressus.co\/#website"},"datePublished":"2024-05-17T13:51:44+00:00","dateModified":"2024-08-23T20:51:07+00:00","description":"Nos comprometemos a brindar soluciones tecnol\u00f3gicas que impulsen el sector agropecuario, generando convenios y beneficios al agricultor.","breadcrumb":{"@id":"https:\/\/portal.progressus.co\/?page_id=16#breadcrumb"},"inLanguage":"es","potentialAction":[{"@type":"ReadAction","target":["https:\/\/portal.progressus.co\/?page_id=16"]}]},{"@type":"BreadcrumbList","@id":"https:\/\/portal.progressus.co\/?page_id=16#breadcrumb","itemListElement":[{"@type":"ListItem","position":1,"name":"Portada","item":"https:\/\/portal.progressus.co\/"},{"@type":"ListItem","position":2,"name":"Organizaciones y convenios"}]},{"@type":"WebSite","@id":"https:\/\/portal.progressus.co\/#website","url":"https:\/\/portal.progressus.co\/","name":"www.progressus.co","description":"","publisher":{"@id":"https:\/\/portal.progressus.co\/#organization"},"potentialAction":[{"@type":"SearchAction","target":{"@type":"EntryPoint","urlTemplate":"https:\/\/portal.progressus.co\/?s={search_term_string}"},"query-input":{"@type":"PropertyValueSpecification","valueRequired":true,"valueName":"search_term_string"}}],"inLanguage":"es"},{"@type":"Organization","@id":"https:\/\/portal.progressus.co\/#organization","name":"Progressus","url":"https:\/\/portal.progressus.co\/","logo":{"@type":"ImageObject","inLanguage":"es","@id":"https:\/\/portal.progressus.co\/#\/schema\/logo\/image\/","url":"https:\/\/portal.progressus.co\/wp-content\/uploads\/2024\/05\/cropped-login_logo_progressus@2x.png","contentUrl":"https:\/\/portal.progressus.co\/wp-content\/uploads\/2024\/05\/cropped-login_logo_progressus@2x.png","width":512,"height":512,"caption":"Progressus"},"image":{"@id":"https:\/\/portal.progressus.co\/#\/schema\/logo\/image\/"},"sameAs":["https:\/\/www.facebook.com\/progressusapp","https:\/\/x.com\/progressus5","https:\/\/www.instagram.com\/progressus_col\/"]}]}},"_links":{"self":[{"href":"https:\/\/portal.progressus.co\/index.php?rest_route=\/wp\/v2\/pages\/16","targetHints":{"allow":["GET"]}}],"collection":[{"href":"https:\/\/portal.progressus.co\/index.php?rest_route=\/wp\/v2\/pages"}],"about":[{"href":"https:\/\/portal.progressus.co\/index.php?rest_route=\/wp\/v2\/types\/page"}],"author":[{"embeddable":true,"href":"https:\/\/portal.progressus.co\/index.php?rest_route=\/wp\/v2\/users\/1"}],"replies":[{"embeddable":true,"href":"https:\/\/portal.progressus.co\/index.php?rest_route=%2Fwp%2Fv2%2Fcomments&post=16"}],"version-history":[{"count":6,"href":"https:\/\/portal.progressus.co\/index.php?rest_route=\/wp\/v2\/pages\/16\/revisions"}],"predecessor-version":[{"id":3059,"href":"https:\/\/portal.progressus.co\/index.php?rest_route=\/wp\/v2\/pages\/16\/revisions\/3059"}],"wp:attachment":[{"href":"https:\/\/portal.progressus.co\/index.php?rest_route=%2Fwp%2Fv2%2Fmedia&parent=16"}],"curies":[{"name":"wp","href":"https:\/\/api.w.org\/{rel}","templated":true}]}}